{"id":67,"date":"2015-09-02T14:32:18","date_gmt":"2015-09-02T14:32:18","guid":{"rendered":"http:\/\/www.a-demeure.org\/commandes\/?page_id=67"},"modified":"2025-04-14T16:17:25","modified_gmt":"2025-04-14T16:17:25","slug":"liens","status":"publish","type":"page","link":"https:\/\/www.a-demeure.org\/production\/liens\/","title":{"rendered":"liens"},"content":{"rendered":"\n<p>action Nouveaux commanditaires, <a href=\"http:\/\/www.nouveauxcommanditaires.eu\/\" target=\"_blank\" rel=\"noreferrer noopener\">www.nouveauxcommanditaires.eu<\/a><a href=\"http:\/\/www.nouveauxcommanditaires.eu\/\" target=\"_blank\" rel=\"noreferrer noopener\"><\/a><br><a href=\"https:\/\/lasocietedesnouveauxcommanditaires.org\/\">La Soci\u00e9t\u00e9 des Nouveaux commanditaires<\/a>, lasocietedesnouveauxcommanditaires.org<\/p>\n\n\n\n<p><a href=\"http:\/\/www.nouveauxcommanditaires.eu\/\" target=\"_blank\" rel=\"noreferrer noopener\">Le Coin du Miroir \/ Le Consortium\u00a0(Est), <\/a><a href=\"http:\/\/leconsortium.fr\/le-consortium\/\" target=\"_blank\" rel=\"noreferrer noopener\">leconsortium.fr\/le-consortium<\/a><br \/>Artconnexion (Nord), <a href=\"http:\/\/www.artconnexion.org\/\" target=\"_blank\" rel=\"noreferrer noopener\">artconnexion.org<\/a><br \/>Point de Fuite\u00a0(Aquitaine, Limousin, Poitou-Charentes), <a href=\"http:\/\/www.pointdefuite.eu\/\" target=\"_blank\" rel=\"noreferrer noopener\">pointdefuite.eu<\/a><br \/>3 Ca\u00a0(Ile-de-France), 3-ca.org<\/p>\n\n\n\n<p>art3, Valence, <a href=\"http:\/\/www.art-3.org\" target=\"_blank\" rel=\"noreferrer noopener\">www.art-3.org<\/a><a href=\"http:\/\/www.art-3.org\" target=\"_blank\" rel=\"noreferrer noopener\"><\/a><br><a href=\"http:\/\/www.art-3.org\" target=\"_blank\" rel=\"noreferrer noopener\">La Synagogue de Delme, <\/a><a href=\"http:\/\/www.cac-synagoguedelme.org\/\" target=\"_blank\" rel=\"noreferrer noopener\">www.cac-synagoguedelme.org<\/a><br>Le Vent des for\u00eats, <a href=\"http:\/\/ventdesforets.org\/\" target=\"_blank\" rel=\"noreferrer noopener\">ventdesforets.org<\/a><\/p>\n\n\n\n<p>Les presses du r\u00e9el, <a href=\"http:\/\/www.lespressesdureel.com\/\" target=\"_blank\" rel=\"noreferrer noopener\">www.lespressesdureel.com<\/a><br>Captures \u00e9ditions, <a href=\"http:\/\/www.captures-editions.com\/\" target=\"_blank\" rel=\"noreferrer noopener\">www.captures-editions.com<\/a><\/p>\n\n\n\n<p>Fran\u00e7ois Coulet, <a href=\"http:\/\/www.vaoweb.com\/\" target=\"_blank\" rel=\"noreferrer noopener\">vaoweb.com<\/a><br>Jocelyne Fracheboud, contact [at] jocelynef [point] com<br><a href=\"http:\/\/www.vaoweb.com\/\" target=\"_blank\" rel=\"noreferrer noopener\">Fanette Mellier, <\/a><a href=\"http:\/\/fanettemellier.com\/\" target=\"_blank\" rel=\"noreferrer noopener\">fanettemellier.com<\/a><br>Nicolas Romarie, <a href=\"http:\/\/www.nicolasromarieatelier.net\/\" target=\"_blank\" rel=\"noreferrer noopener\">nicolasromarieatelier.net<\/a><br>Claire Moreux<\/p>\n\n\n\n\n\n<p>\u00a0<\/p>\n<p>\u00a0<\/p>\n","protected":false},"excerpt":{"rendered":"<p>action Nouveaux commanditaires, www.nouveauxcommanditaires.euLa Soci\u00e9t\u00e9 des Nouveaux commanditaires, lasocietedesnouveauxcommanditaires.org Le Coin du Miroir \/ Le Consortium\u00a0(Est), leconsortium.fr\/le-consortiumArtconnexion (Nord), artconnexion.orgPoint de Fuite\u00a0(Aquitaine, Limousin, Poitou-Charentes), pointdefuite.eu3 Ca\u00a0(Ile-de-France), 3-ca.org art3, Valence, www.art-3.orgLa Synagogue de Delme, www.cac-synagoguedelme.orgLe Vent des for\u00eats, ventdesforets.org Les presses du r\u00e9el, www.lespressesdureel.comCaptures \u00e9ditions, www.captures-editions.com Fran\u00e7ois Coulet, vaoweb.comJocelyne Fracheboud, contact [at] jocelynef [point] comFanette Mellier, fanettemellier.comNicolas [&hellip;]<\/p>\n","protected":false},"author":1,"featured_media":0,"parent":0,"menu_order":0,"comment_status":"closed","ping_status":"closed","template":"","meta":{"footnotes":""},"class_list":["post-67","page","type-page","status-publish","hentry"],"_links":{"self":[{"href":"https:\/\/www.a-demeure.org\/production\/wp-json\/wp\/v2\/pages\/67","targetHints":{"allow":["GET"]}}],"collection":[{"href":"https:\/\/www.a-demeure.org\/production\/wp-json\/wp\/v2\/pages"}],"about":[{"href":"https:\/\/www.a-demeure.org\/production\/wp-json\/wp\/v2\/types\/page"}],"author":[{"embeddable":true,"href":"https:\/\/www.a-demeure.org\/production\/wp-json\/wp\/v2\/users\/1"}],"replies":[{"embeddable":true,"href":"https:\/\/www.a-demeure.org\/production\/wp-json\/wp\/v2\/comments?post=67"}],"version-history":[{"count":16,"href":"https:\/\/www.a-demeure.org\/production\/wp-json\/wp\/v2\/pages\/67\/revisions"}],"predecessor-version":[{"id":3775,"href":"https:\/\/www.a-demeure.org\/production\/wp-json\/wp\/v2\/pages\/67\/revisions\/3775"}],"wp:attachment":[{"href":"https:\/\/www.a-demeure.org\/production\/wp-json\/wp\/v2\/media?parent=67"}],"curies":[{"name":"wp","href":"https:\/\/api.w.org\/{rel}","templated":true}]}}